{"id":3323,"date":"2025-03-04T22:16:03","date_gmt":"2025-03-05T01:16:03","guid":{"rendered":"https:\/\/meadfy.com\/?page_id=3323"},"modified":"2025-03-05T11:34:44","modified_gmt":"2025-03-05T14:34:44","slug":"reset-passworld","status":"publish","type":"page","link":"https:\/\/meadfy.com\/pt\/reset-passworld\/","title":{"rendered":"Reset Passworld"},"content":{"rendered":"\t\t<div data-elementor-type=\"wp-page\" data-elementor-id=\"3323\" class=\"elementor elementor-3323\" data-elementor-post-type=\"page\">\n\t\t\t\t<div class=\"elementor-element elementor-element-947e84e e-grid e-con-boxed e-con e-parent\" data-id=\"947e84e\" data-element_type=\"container\" data-settings=\"{&quot;jet_parallax_layout_list&quot;:[]}\">\n\t\t\t\t\t<div class=\"e-con-inner\">\n\t\t\t\t<div class=\"elementor-element elementor-element-62b20c8 elementor-widget elementor-widget-jet-reset\" data-id=\"62b20c8\" data-element_type=\"widget\" data-widget_type=\"jet-reset.default\">\n\t\t\t\t<div class=\"elementor-widget-container\">\n\t\t\t\t\t\n<div class=\"jet-reset\">\n\n\t\n\t\n\t<form id=\"lostpasswordform\" class=\"jet-reset__form\" name=\"lostpasswordform\" method=\"post\">\n\n\t\t\n\t\t\t<legend class=\"jet-reset__form-title\">Redefinir senha<\/legend>\n\n\t\t\n\t\t\n\t\t\t<div class=\"jet-reset__form-text\">\n\t\t\t\t<p>Por favor, digite seu e-mail ou nome de usu\u00e1rio. Em instantes voc\u00ea receber\u00e1 o link para criar uma nova senha via e-mail.<\/p>\n\t\t\t<\/div>\n\n\t\t\n\t\t<p class=\"jet_reset__user-info\">\n\n\t\t\t<label for=\"jet_reset_user_info\">E-mail ou nome de usu\u00e1rio<\/label>\n\t\t\t<input class=\"input\" type=\"text\" name=\"jet_reset_user_info\" id=\"jet_reset_user_info\">\n\n\t\t<\/p>\n\n\t\t<div class=\"jet-reset__submit\">\n\n\t\t\t<input type=\"hidden\" id=\"jet_reset_nonce\" name=\"jet_reset_nonce\" value=\"f1c66dfa52\" \/><input type=\"hidden\" name=\"_wp_http_referer\" value=\"\/pt\/wp-json\/wp\/v2\/pages\/3323\" \/>\t\t\t<input type=\"hidden\" name=\"submitted\" id=\"submitted\" value=\"true\">\n\t\t\t<input type=\"hidden\" name=\"jet_reset_action\" id=\"jet_reset_post_action\" value=\"jet_reset_lost_pass\">\n\t\t\t<button type=\"submit\" id=\"jet-reset-pass-submit\" name=\"jet-reset-pass-submit\" class=\"button button-primary jet-reset__button \">Redefinir senha<\/button>\n\n\t\t<\/div>\n\n\t<\/form>\n\n\t\n<\/div>\t\t\t\t<\/div>\n\t\t\t\t<\/div>\n\t\t\t\t\t<\/div>\n\t\t\t\t<\/div>\n\t\t\t\t<\/div>\n\t\t","protected":false},"excerpt":{"rendered":"<p>Redefinir senha Por favor, digite seu e-mail ou nome de usu\u00e1rio. Em instantes voc\u00ea receber\u00e1 o link para criar uma nova senha via e-mail. E-mail ou nome de usu\u00e1rio Redefinir senha<\/p>\n","protected":false},"author":4,"featured_media":0,"parent":0,"menu_order":0,"comment_status":"closed","ping_status":"closed","template":"","meta":{"_seopress_robots_primary_cat":"","_seopress_titles_title":"","_seopress_titles_desc":"","_seopress_robots_index":"","inline_featured_image":false,"_jet_sm_ready_style":"","_jet_sm_style":"","_jet_sm_controls_values":"","_jet_sm_fonts_collection":"","_jet_sm_fonts_links":"","footnotes":""},"class_list":["post-3323","page","type-page","status-publish","hentry"],"_links":{"self":[{"href":"https:\/\/meadfy.com\/pt\/wp-json\/wp\/v2\/pages\/3323","targetHints":{"allow":["GET"]}}],"collection":[{"href":"https:\/\/meadfy.com\/pt\/wp-json\/wp\/v2\/pages"}],"about":[{"href":"https:\/\/meadfy.com\/pt\/wp-json\/wp\/v2\/types\/page"}],"author":[{"embeddable":true,"href":"https:\/\/meadfy.com\/pt\/wp-json\/wp\/v2\/users\/4"}],"replies":[{"embeddable":true,"href":"https:\/\/meadfy.com\/pt\/wp-json\/wp\/v2\/comments?post=3323"}],"version-history":[{"count":28,"href":"https:\/\/meadfy.com\/pt\/wp-json\/wp\/v2\/pages\/3323\/revisions"}],"predecessor-version":[{"id":3354,"href":"https:\/\/meadfy.com\/pt\/wp-json\/wp\/v2\/pages\/3323\/revisions\/3354"}],"wp:attachment":[{"href":"https:\/\/meadfy.com\/pt\/wp-json\/wp\/v2\/media?parent=3323"}],"curies":[{"name":"wp","href":"https:\/\/api.w.org\/{rel}","templated":true}]}}