{"id":207,"date":"2024-07-01T21:15:07","date_gmt":"2024-07-02T00:15:07","guid":{"rendered":"https:\/\/meadfy.com\/?page_id=207"},"modified":"2025-03-09T11:29:26","modified_gmt":"2025-03-09T14:29:26","slug":"home","status":"publish","type":"page","link":"https:\/\/meadfy.com\/pt\/","title":{"rendered":"Home"},"content":{"rendered":"\t\t<div data-elementor-type=\"wp-page\" data-elementor-id=\"207\" class=\"elementor elementor-207\" data-elementor-post-type=\"page\">\n\t\t\t\t<div class=\"elementor-element elementor-element-e507a26 e-grid e-con-boxed e-con e-parent\" data-id=\"e507a26\" data-element_type=\"container\" data-settings=\"{&quot;jet_parallax_layout_list&quot;:[]}\">\n\t\t\t\t\t<div class=\"e-con-inner\">\n\t\t<div class=\"elementor-element elementor-element-301cdb0 e-con-full e-grid e-con e-child\" data-id=\"301cdb0\" data-element_type=\"container\" data-settings=\"{&quot;jet_parallax_layout_list&quot;:[]}\">\n\t\t\t\t<div class=\"elementor-element elementor-element-ede1dd4 elementor-widget elementor-widget-heading\" data-id=\"ede1dd4\" data-element_type=\"widget\" data-widget_type=\"heading.default\">\n\t\t\t\t\t<h2 class=\"elementor-heading-title elementor-size-default\">Mergulhe em uma nova experi\u00eancia<\/h2>\t\t\t\t<\/div>\n\t\t\t\t<div class=\"elementor-element elementor-element-6cb8e7a elementor-widget elementor-widget-heading\" data-id=\"6cb8e7a\" data-element_type=\"widget\" data-widget_type=\"heading.default\">\n\t\t\t\t\t<div class=\"elementor-heading-title elementor-size-default\">Boas-vindas ao site brasileiro mais completo sobre hidrom\u00e9is.<\/div>\t\t\t\t<\/div>\n\t\t\t\t<\/div>\n\t\t\t\t\t<\/div>\n\t\t\t\t<\/div>\n\t\t<div class=\"elementor-element elementor-element-a1d9f9c e-grid e-con-boxed e-con e-parent\" data-id=\"a1d9f9c\" data-element_type=\"container\" data-settings=\"{&quot;jet_parallax_layout_list&quot;:[]}\">\n\t\t\t\t\t<div class=\"e-con-inner\">\n\t\t\t\t<div class=\"elementor-element elementor-element-34ace2bf elementor-widget elementor-widget-heading\" data-id=\"34ace2bf\" data-element_type=\"widget\" data-widget_type=\"heading.default\">\n\t\t\t\t\t<h1 class=\"elementor-heading-title elementor-size-default\">Mais Vendidos<\/h1>\t\t\t\t<\/div>\n\t\t\t\t<div class=\"elementor-element elementor-element-efa53ca elementor-widget elementor-widget-heading\" data-id=\"efa53ca\" data-element_type=\"widget\" data-widget_type=\"heading.default\">\n\t\t\t\t\t<div class=\"elementor-heading-title elementor-size-default\">Os campe\u00f5es de vendas no Meadfy!<\/div>\t\t\t\t<\/div>\n\t\t\t\t<div class=\"elementor-element elementor-element-fcc07cd elementor-widget-mobile__width-inherit jedv-enabled--yes elementor-widget elementor-widget-jet-listing-grid\" data-id=\"fcc07cd\" data-element_type=\"widget\" data-settings=\"{&quot;columns&quot;:&quot;4&quot;,&quot;columns_tablet&quot;:&quot;3&quot;,&quot;columns_mobile&quot;:&quot;1&quot;}\" data-widget_type=\"jet-listing-grid.default\">\n\t\t\t\t<div class=\"elementor-widget-container\">\n\t\t\t\t\t<div class=\"jet-listing-grid jet-listing\"><div class=\"jet-listing-grid__slider\" data-slider_options=\"{&quot;autoplaySpeed&quot;:5000,&quot;autoplay&quot;:true,&quot;pauseOnHover&quot;:true,&quot;infinite&quot;:true,&quot;centerMode&quot;:false,&quot;speed&quot;:500,&quot;arrows&quot;:true,&quot;dots&quot;:true,&quot;slidesToScroll&quot;:1,&quot;prevArrow&quot;:&quot;&lt;div class=&#039;jet-listing-grid__slider-icon prev-arrow &#039; role=&#039;button&#039; aria-label=&#039;Previous&#039;&gt;&lt;svg width=&#039;180&#039; height=&#039;180&#039; viewBox=&#039;0 0 180 180&#039; fill=&#039;none&#039; xmlns=&#039;http:\\\/\\\/www.w3.org\\\/2000\\\/svg&#039;&gt;&lt;path d=&#039;M140.093 36.6365L86.7876 90L140.093 143.364C141.364 144.636 142 146.144 142 147.886C142 149.628 141.364 151.135 140.093 152.408L123.429 169.091C122.157 170.364 120.651 171 118.911 171C117.171 171 115.665 170.364 114.394 169.091L39.9073 94.5223C38.6358 93.2494 38 91.7419 38 90C38 88.2581 38.6358 86.7506 39.9073 85.4777L114.394 10.9094C115.665 9.63648 117.171 9 118.911 9C120.651 9 122.157 9.63648 123.429 10.9094L140.093 27.5918C141.364 28.8648 142 30.3722 142 32.1141C142 33.8561 141.364 35.3635 140.093 36.6365Z&#039; fill=&#039;black&#039;\\\/&gt;&lt;\\\/svg&gt;&lt;\\\/div&gt;&quot;,&quot;nextArrow&quot;:&quot;&lt;div class=&#039;jet-listing-grid__slider-icon next-arrow &#039; role=&#039;button&#039; aria-label=&#039;Next&#039;&gt;&lt;svg width=&#039;180&#039; height=&#039;180&#039; viewBox=&#039;0 0 180 180&#039; fill=&#039;none&#039; xmlns=&#039;http:\\\/\\\/www.w3.org\\\/2000\\\/svg&#039;&gt;&lt;path d=&#039;M140.093 36.6365L86.7876 90L140.093 143.364C141.364 144.636 142 146.144 142 147.886C142 149.628 141.364 151.135 140.093 152.408L123.429 169.091C122.157 170.364 120.651 171 118.911 171C117.171 171 115.665 170.364 114.394 169.091L39.9073 94.5223C38.6358 93.2494 38 91.7419 38 90C38 88.2581 38.6358 86.7506 39.9073 85.4777L114.394 10.9094C115.665 9.63648 117.171 9 118.911 9C120.651 9 122.157 9.63648 123.429 10.9094L140.093 27.5918C141.364 28.8648 142 30.3722 142 32.1141C142 33.8561 141.364 35.3635 140.093 36.6365Z&#039; fill=&#039;black&#039;\\\/&gt;&lt;\\\/svg&gt;&lt;\\\/div&gt;&quot;,&quot;rtl&quot;:false,&quot;itemsCount&quot;:2,&quot;fade&quot;:false,&quot;slidesToShow&quot;:{&quot;desktop&quot;:4,&quot;tablet&quot;:3,&quot;mobile&quot;:1}}\" dir=\"ltr\"><div class=\"jet-listing-grid__items grid-col-desk-4 grid-col-tablet-3 grid-col-mobile-1 jet-listing-grid--172 jet-equal-columns__wrapper woocommerce\" data-queried-id=\"207|WP_Post\" data-nav=\"{&quot;enabled&quot;:false,&quot;type&quot;:null,&quot;more_el&quot;:null,&quot;query&quot;:[],&quot;widget_settings&quot;:{&quot;lisitng_id&quot;:172,&quot;posts_num&quot;:10,&quot;columns&quot;:4,&quot;columns_tablet&quot;:3,&quot;columns_mobile&quot;:1,&quot;column_min_width&quot;:240,&quot;column_min_width_tablet&quot;:240,&quot;column_min_width_mobile&quot;:240,&quot;inline_columns_css&quot;:false,&quot;is_archive_template&quot;:&quot;&quot;,&quot;post_status&quot;:[&quot;publish&quot;],&quot;use_random_posts_num&quot;:&quot;&quot;,&quot;max_posts_num&quot;:9,&quot;not_found_message&quot;:&quot;No data was found&quot;,&quot;is_masonry&quot;:false,&quot;equal_columns_height&quot;:&quot;yes&quot;,&quot;use_load_more&quot;:&quot;&quot;,&quot;load_more_id&quot;:&quot;&quot;,&quot;load_more_type&quot;:&quot;click&quot;,&quot;load_more_offset&quot;:{&quot;unit&quot;:&quot;px&quot;,&quot;size&quot;:0,&quot;sizes&quot;:[]},&quot;use_custom_post_types&quot;:&quot;&quot;,&quot;custom_post_types&quot;:[],&quot;hide_widget_if&quot;:&quot;&quot;,&quot;carousel_enabled&quot;:&quot;yes&quot;,&quot;slides_to_scroll&quot;:&quot;1&quot;,&quot;arrows&quot;:&quot;true&quot;,&quot;arrow_icon&quot;:&quot;fa fa-chevron-left&quot;,&quot;dots&quot;:&quot;true&quot;,&quot;autoplay&quot;:&quot;true&quot;,&quot;pause_on_hover&quot;:&quot;true&quot;,&quot;autoplay_speed&quot;:5000,&quot;infinite&quot;:&quot;true&quot;,&quot;center_mode&quot;:&quot;&quot;,&quot;effect&quot;:&quot;slide&quot;,&quot;speed&quot;:500,&quot;inject_alternative_items&quot;:&quot;&quot;,&quot;injection_items&quot;:[],&quot;scroll_slider_enabled&quot;:&quot;&quot;,&quot;scroll_slider_on&quot;:[&quot;desktop&quot;,&quot;tablet&quot;,&quot;mobile&quot;],&quot;custom_query&quot;:&quot;yes&quot;,&quot;custom_query_id&quot;:&quot;8&quot;,&quot;_element_id&quot;:&quot;&quot;,&quot;collapse_first_last_gap&quot;:false,&quot;list_items_wrapper_tag&quot;:&quot;div&quot;,&quot;list_item_tag&quot;:&quot;div&quot;,&quot;empty_items_wrapper_tag&quot;:&quot;div&quot;}}\" data-page=\"1\" data-pages=\"1\" data-listing-source=\"query\" data-listing-id=\"172\" data-query-id=\"8\"><div class=\"jet-listing-grid__item jet-listing-dynamic-post-181 jet-equal-columns jet-woo-thumb-with-effect\" data-post-id=\"181\" >\t\t<div data-elementor-type=\"jet-listing-items\" data-elementor-id=\"172\" class=\"elementor elementor-172\" data-elementor-post-type=\"jet-engine\">\n\t\t\t\t<div class=\"elementor-element elementor-element-3fc725c e-grid e-con-boxed e-con e-parent\" data-id=\"3fc725c\" data-element_type=\"container\" data-settings=\"{&quot;jet_parallax_layout_list&quot;:[]}\">\n\t\t\t\t\t<div class=\"e-con-inner\">\n\t\t\t\t\t<\/div>\n\t\t\t\t<\/div>\n\t\t\t\t<\/div>\n\t\t<\/div><div class=\"jet-listing-grid__item jet-listing-dynamic-post-182 jet-equal-columns jet-woo-thumb-with-effect\" data-post-id=\"182\" >\t\t<div data-elementor-type=\"jet-listing-items\" data-elementor-id=\"172\" class=\"elementor elementor-172\" data-elementor-post-type=\"jet-engine\">\n\t\t\t\t<div class=\"elementor-element elementor-element-3fc725c e-grid e-con-boxed e-con e-parent\" data-id=\"3fc725c\" data-element_type=\"container\" data-settings=\"{&quot;jet_parallax_layout_list&quot;:[]}\">\n\t\t\t\t\t<div class=\"e-con-inner\">\n\t\t\t\t\t<\/div>\n\t\t\t\t<\/div>\n\t\t\t\t<\/div>\n\t\t<\/div><\/div><\/div><\/div>\t\t\t\t<\/div>\n\t\t\t\t<\/div>\n\t\t\t\t\t<\/div>\n\t\t\t\t<\/div>\n\t\t<div class=\"elementor-element elementor-element-2f7d65db e-flex e-con-boxed e-con e-child\" data-id=\"2f7d65db\" data-element_type=\"container\" data-settings=\"{&quot;jet_parallax_layout_list&quot;:[]}\">\n\t\t\t\t\t<div class=\"e-con-inner\">\n\t\t\t\t<div class=\"elementor-element elementor-element-3402076a elementor-widget elementor-widget-heading\" data-id=\"3402076a\" data-element_type=\"widget\" data-widget_type=\"heading.default\">\n\t\t\t\t\t<h2 class=\"elementor-heading-title elementor-size-default\">Rec\u00e9m Cadastrados<\/h2>\t\t\t\t<\/div>\n\t\t\t\t<div class=\"elementor-element elementor-element-77db13c4 elementor-widget-mobile__width-initial elementor-widget elementor-widget-jet-listing-grid\" data-id=\"77db13c4\" data-element_type=\"widget\" data-settings=\"{&quot;columns&quot;:&quot;4&quot;,&quot;columns_tablet&quot;:&quot;3&quot;,&quot;columns_mobile&quot;:&quot;1&quot;}\" data-widget_type=\"jet-listing-grid.default\">\n\t\t\t\t<div class=\"elementor-widget-container\">\n\t\t\t\t\t<div class=\"jet-listing-grid jet-listing-grid--lazy-load jet-listing jet-listing-grid-loading\" data-lazy-load=\"{&quot;offset&quot;:&quot;800px&quot;,&quot;post_id&quot;:207,&quot;queried_id&quot;:&quot;207|WP_Post&quot;}\"><div class=\"jet-listing-grid__loader\"><div class=\"jet-listing-grid__loader-spinner\"><\/div><\/div><\/div>\t\t\t\t<\/div>\n\t\t\t\t<\/div>\n\t\t\t\t\t<\/div>\n\t\t\t\t<\/div>\n\t\t<div class=\"elementor-element elementor-element-38ef930 e-grid e-con-boxed e-con e-parent\" data-id=\"38ef930\" data-element_type=\"container\" data-settings=\"{&quot;background_background&quot;:&quot;classic&quot;,&quot;jet_parallax_layout_list&quot;:[]}\">\n\t\t\t\t\t<div class=\"e-con-inner\">\n\t\t\t\t<div class=\"elementor-element elementor-element-c2df08f elementor-widget elementor-widget-template\" data-id=\"c2df08f\" data-element_type=\"widget\" data-widget_type=\"template.default\">\n\t\t\t\t<div class=\"elementor-widget-container\">\n\t\t\t\t\t\t\t<div class=\"elementor-template\">\n\t\t\t\t\t<div data-elementor-type=\"container\" data-elementor-id=\"2884\" class=\"elementor elementor-2884\" data-elementor-post-type=\"elementor_library\">\n\t\t\t\t<div class=\"elementor-element elementor-element-13235e45 e-grid e-con-full e-con e-child\" data-id=\"13235e45\" data-element_type=\"container\" data-settings=\"{&quot;jet_parallax_layout_list&quot;:[]}\">\n\t\t\t\t<div class=\"elementor-element elementor-element-ec69667 elementor-widget elementor-widget-heading\" data-id=\"ec69667\" data-element_type=\"widget\" data-widget_type=\"heading.default\">\n\t\t\t\t\t<h2 class=\"elementor-heading-title elementor-size-default\">Vistos Recentemente<\/h2>\t\t\t\t<\/div>\n\t\t\t\t<div class=\"elementor-element elementor-element-547ebfc elementor-widget__width-inherit elementor-widget-mobile__width-inherit jedv-enabled--yes elementor-widget elementor-widget-jet-listing-grid\" data-id=\"547ebfc\" data-element_type=\"widget\" data-settings=\"{&quot;columns&quot;:&quot;4&quot;,&quot;columns_tablet&quot;:&quot;3&quot;,&quot;columns_mobile&quot;:&quot;1&quot;}\" data-widget_type=\"jet-listing-grid.default\">\n\t\t\t\t<div class=\"elementor-widget-container\">\n\t\t\t\t\t<div class=\"jet-listing-grid jet-listing\"><div class=\"jet-listing-not-found jet-listing-grid__items\" data-nav=\"{&quot;enabled&quot;:false,&quot;type&quot;:null,&quot;more_el&quot;:null,&quot;query&quot;:[],&quot;widget_settings&quot;:{&quot;lisitng_id&quot;:172,&quot;posts_num&quot;:10,&quot;columns&quot;:4,&quot;columns_tablet&quot;:3,&quot;columns_mobile&quot;:1,&quot;column_min_width&quot;:240,&quot;column_min_width_tablet&quot;:240,&quot;column_min_width_mobile&quot;:240,&quot;inline_columns_css&quot;:false,&quot;is_archive_template&quot;:&quot;&quot;,&quot;post_status&quot;:[&quot;publish&quot;],&quot;use_random_posts_num&quot;:&quot;&quot;,&quot;max_posts_num&quot;:9,&quot;not_found_message&quot;:&quot;No data was found&quot;,&quot;is_masonry&quot;:false,&quot;equal_columns_height&quot;:&quot;yes&quot;,&quot;use_load_more&quot;:&quot;&quot;,&quot;load_more_id&quot;:&quot;&quot;,&quot;load_more_type&quot;:&quot;scroll&quot;,&quot;load_more_offset&quot;:{&quot;unit&quot;:&quot;px&quot;,&quot;size&quot;:0,&quot;sizes&quot;:[]},&quot;use_custom_post_types&quot;:&quot;&quot;,&quot;custom_post_types&quot;:[],&quot;hide_widget_if&quot;:&quot;&quot;,&quot;carousel_enabled&quot;:&quot;yes&quot;,&quot;slides_to_scroll&quot;:&quot;1&quot;,&quot;arrows&quot;:&quot;true&quot;,&quot;arrow_icon&quot;:&quot;fa fa-chevron-left&quot;,&quot;dots&quot;:&quot;true&quot;,&quot;autoplay&quot;:&quot;true&quot;,&quot;pause_on_hover&quot;:&quot;true&quot;,&quot;autoplay_speed&quot;:5000,&quot;infinite&quot;:&quot;true&quot;,&quot;center_mode&quot;:&quot;true&quot;,&quot;effect&quot;:&quot;slide&quot;,&quot;speed&quot;:500,&quot;inject_alternative_items&quot;:&quot;&quot;,&quot;injection_items&quot;:[],&quot;scroll_slider_enabled&quot;:&quot;&quot;,&quot;scroll_slider_on&quot;:[&quot;desktop&quot;,&quot;tablet&quot;,&quot;mobile&quot;],&quot;custom_query&quot;:&quot;yes&quot;,&quot;custom_query_id&quot;:&quot;6&quot;,&quot;_element_id&quot;:&quot;&quot;,&quot;collapse_first_last_gap&quot;:false,&quot;list_items_wrapper_tag&quot;:&quot;div&quot;,&quot;list_item_tag&quot;:&quot;div&quot;,&quot;empty_items_wrapper_tag&quot;:&quot;div&quot;}}\" data-listing-source=\"query\" data-listing-id=\"172\" data-query-id=\"6\" data-queried-id=\"207|WP_Post\">No data was found<\/div><\/div>\t\t\t\t<\/div>\n\t\t\t\t<\/div>\n\t\t\t\t<\/div>\n\t\t\t\t<\/div>\n\t\t\t\t<\/div>\n\t\t\t\t\t\t<\/div>\n\t\t\t\t<\/div>\n\t\t\t\t\t<\/div>\n\t\t\t\t<\/div>\n\t\t\t\t<\/div>\n\t\t","protected":false},"excerpt":{"rendered":"<p>Mergulhe em uma nova experi\u00eancia Boas-vindas ao site brasileiro mais completo sobre hidrom\u00e9is. Mais Vendidos Os campe\u00f5es de vendas no Meadfy! 5,0 %%jet-wishlist-button::button_icon_position=&#8221;left&#8221;::&#038;&#038;use_button_icon=&#8221;yes&#8221;::&#038;&#038;button_icon_normal=&#8221;&lt;svg aria-hidden=&quot;true&quot; class=&quot;e-font-icon-svg e-far-bookmark&quot; viewBox=&quot;0 0 384 512&quot; xmlns=&quot;http:\/\/www.w3.org\/2000\/svg&quot;&gt;&lt;path d=&quot;M336 0H48C21.49 0 0 21.49 0 48v464l192-112 192 112V48c0-26.51-21.49-48-48-48zm0 428.43l-144-84-144 84V54a6 6 0 0 1 6-6h276c3.314 0 6 2.683 6 5.996V428.43z&quot;&gt;&lt;\/path&gt;&lt;\/svg&gt;&#8221;::&#038;&#038;button_label_normal=&#8221;&#8221;::&#038;&#038;use_as_remove_button=&#8221;yes&#8221;::&#038;&#038;button_icon_added=&#8221;&lt;svg aria-hidden=&quot;true&quot; class=&quot;e-font-icon-svg e-fas-bookmark&quot; [&hellip;]<\/p>\n","protected":false},"author":4,"featured_media":0,"parent":0,"menu_order":0,"comment_status":"closed","ping_status":"closed","template":"","meta":{"_seopress_robots_primary_cat":"","_seopress_titles_title":"","_seopress_titles_desc":"","_seopress_robots_index":"","inline_featured_image":false,"_jet_sm_ready_style":"","_jet_sm_style":"","_jet_sm_controls_values":"","_jet_sm_fonts_collection":"","_jet_sm_fonts_links":"","footnotes":""},"class_list":["post-207","page","type-page","status-publish","hentry"],"_links":{"self":[{"href":"https:\/\/meadfy.com\/pt\/wp-json\/wp\/v2\/pages\/207","targetHints":{"allow":["GET"]}}],"collection":[{"href":"https:\/\/meadfy.com\/pt\/wp-json\/wp\/v2\/pages"}],"about":[{"href":"https:\/\/meadfy.com\/pt\/wp-json\/wp\/v2\/types\/page"}],"author":[{"embeddable":true,"href":"https:\/\/meadfy.com\/pt\/wp-json\/wp\/v2\/users\/4"}],"replies":[{"embeddable":true,"href":"https:\/\/meadfy.com\/pt\/wp-json\/wp\/v2\/comments?post=207"}],"version-history":[{"count":103,"href":"https:\/\/meadfy.com\/pt\/wp-json\/wp\/v2\/pages\/207\/revisions"}],"predecessor-version":[{"id":3691,"href":"https:\/\/meadfy.com\/pt\/wp-json\/wp\/v2\/pages\/207\/revisions\/3691"}],"wp:attachment":[{"href":"https:\/\/meadfy.com\/pt\/wp-json\/wp\/v2\/media?parent=207"}],"curies":[{"name":"wp","href":"https:\/\/api.w.org\/{rel}","templated":true}]}}